{"id":8,"date":"2014-01-07T14:32:05","date_gmt":"2014-01-07T14:32:05","guid":{"rendered":"http:\/\/iblacom.dk.newsite.dk\/?page_id=8"},"modified":"2024-05-01T09:38:27","modified_gmt":"2024-05-01T08:38:27","slug":"iblamanagement","status":"publish","type":"page","link":"https:\/\/www.iblacom.dk\/?page_id=8","title":{"rendered":"IBLA Management"},"content":{"rendered":"<p><span style=\"line-height: 1.5; font-size: 1rem;\">.<a href=\"http:\/\/www.iblacom.dk\/wp-content\/uploads\/2021\/12\/Dorte.jpg\">.<img loading=\"lazy\" decoding=\"async\" class=\"alignleft wp-image-15713 size-medium\" src=\"http:\/\/www.iblacom.dk\/wp-content\/uploads\/2021\/12\/Dorte-230x300.jpg\" alt=\"\" width=\"230\" height=\"300\" srcset=\"https:\/\/www.iblacom.dk\/wp-content\/uploads\/2021\/12\/Dorte-230x300.jpg 230w, https:\/\/www.iblacom.dk\/wp-content\/uploads\/2021\/12\/Dorte-785x1024.jpg 785w, https:\/\/www.iblacom.dk\/wp-content\/uploads\/2021\/12\/Dorte-768x1002.jpg 768w, https:\/\/www.iblacom.dk\/wp-content\/uploads\/2021\/12\/Dorte-1177x1536.jpg 1177w, https:\/\/www.iblacom.dk\/wp-content\/uploads\/2021\/12\/Dorte-1569x2048.jpg 1569w, https:\/\/www.iblacom.dk\/wp-content\/uploads\/2021\/12\/Dorte-624x814.jpg 624w, https:\/\/www.iblacom.dk\/wp-content\/uploads\/2021\/12\/Dorte.jpg 1813w\" sizes=\"auto, (max-width: 230px) 100vw, 230px\" \/><\/a><\/span><\/p>\n<p>Dorte Lilly Hvolbye Ibsen<\/p>\n<p>E-mail:\u00a0 <a href=\"mailto:dorte@ibla.biz\">dorte@ibla.biz<\/a><\/p>\n<p><span style=\"font-size: inherit;\">Mobil: +45 40 43 01 82<\/span><\/p>\n<p>I 15 \u00e5r har jeg arbejdet som leder i medlemsforeninger inden for forskellige industrier i Dansk Industri.<\/p>\n<p>Mit fokus p\u00e5 v\u00e6kst og udvikling i medlemskredsen af store og SMV-virksomheder har bidraget til bedre vilk\u00e5r for at drive virksomhed.<\/p>\n<p>Den 1. februar 2021 sprang jeg ud i et nyt eventyr som selvst\u00e6ndig, hvor jeg st\u00e5r p\u00e5 to ben. En del af tiden forts\u00e6tter jeg i universet som r\u00e5dgiver for H\u00f8je-Taastrup Erhvervsforum og en anden del af tiden underviser jeg som eksamineret yogal\u00e6rer.<\/p>\n<p>Du kan se mere om min profil p\u00e5 <a href=\"https:\/\/www.linkedin.com\/in\/dibsen\/\">LinkedIn<\/a><\/p>\n<p><span style=\"line-height: 1.5; font-size: 1rem;\"><a href=\"http:\/\/www.iblacom.dk\/wp-content\/uploads\/2015\/09\/J\u00f8rgen-2015.09.03.jpg\">.<img loading=\"lazy\" decoding=\"async\" class=\"alignleft  wp-image-15442\" src=\"http:\/\/www.iblacom.dk\/wp-content\/uploads\/2015\/09\/J\u00f8rgen-2015.09.03-278x300.jpg\" alt=\"J\u00f8rgen 2015.09.03\" width=\"225\" height=\"242\" srcset=\"https:\/\/www.iblacom.dk\/wp-content\/uploads\/2015\/09\/J\u00f8rgen-2015.09.03-278x300.jpg 278w, https:\/\/www.iblacom.dk\/wp-content\/uploads\/2015\/09\/J\u00f8rgen-2015.09.03-949x1024.jpg 949w, https:\/\/www.iblacom.dk\/wp-content\/uploads\/2015\/09\/J\u00f8rgen-2015.09.03-624x673.jpg 624w\" sizes=\"auto, (max-width: 225px) 100vw, 225px\" \/><\/a><\/span><\/p>\n<p>J\u00f8rgen Hvolbye Lauritzen<\/p>\n<p>E-mail: <a href=\"mailto:hvolbye@ibla.biz\">hvolbye@ibla.biz<\/a><\/p>\n<p>Mobil: +45 40 14 12 44<\/p>\n<p>Siden 2011 har jeg arbejdet i forskellige stillinger som leder og regnskabsf\u00f8rer inden for Folkekirken og har i kraft af dette opn\u00e5et en stor kompetence i de administrative forretningsgange\u00a0 og kirkekasseregnskaber.<\/p>\n<p>Jeg har f\u00f8r det en lang erfaring fra mange forskellige forretningssegmenter som konsulentvirksomhed, udvikling og industriel produktion.<\/p>\n<p>Jeg har arbejdet med generel ledelse, ledelse af udviklingsprojekter og samt med salg og marketing indenfor BtB b\u00e5de p\u00e5 det nationale og det internationale marked.<\/p>\n<p>Min uddannelsesm\u00e6ssige baggrund er Akademiingeni\u00f8r(svagstr\u00f8m) og HD (Finansiering &amp; Kreditv\u00e6sen).<\/p>\n<p>Du kan se om min profil p\u00e5\u00a0<a href=\"http:\/\/www.linkedin.com\/in\/jlauritzen\" target=\"_blank\" rel=\"noopener noreferrer\">LinkedIn<\/a>.<\/p>\n","protected":false},"excerpt":{"rendered":"<p>.. Dorte Lilly Hvolbye Ibsen E-mail:\u00a0 dorte@ibla.biz Mobil: +45 40 43 01 82 I 15 \u00e5r har jeg arbejdet som leder i medlemsforeninger inden for forskellige industrier i Dansk Industri. Mit fokus p\u00e5 v\u00e6kst og udvikling i medlemskredsen af store og SMV-virksomheder har bidraget til bedre vilk\u00e5r for at drive virksomhed. Den 1. februar 2021 [&hellip;]<\/p>\n","protected":false},"author":1,"featured_media":0,"parent":15512,"menu_order":2,"comment_status":"closed","ping_status":"closed","template":"page-templates\/full-width.php","meta":{"footnotes":""},"class_list":["post-8","page","type-page","status-publish","hentry"],"_links":{"self":[{"href":"https:\/\/www.iblacom.dk\/index.php?rest_route=\/wp\/v2\/pages\/8","targetHints":{"allow":["GET"]}}],"collection":[{"href":"https:\/\/www.iblacom.dk\/index.php?rest_route=\/wp\/v2\/pages"}],"about":[{"href":"https:\/\/www.iblacom.dk\/index.php?rest_route=\/wp\/v2\/types\/page"}],"author":[{"embeddable":true,"href":"https:\/\/www.iblacom.dk\/index.php?rest_route=\/wp\/v2\/users\/1"}],"replies":[{"embeddable":true,"href":"https:\/\/www.iblacom.dk\/index.php?rest_route=%2Fwp%2Fv2%2Fcomments&post=8"}],"version-history":[{"count":39,"href":"https:\/\/www.iblacom.dk\/index.php?rest_route=\/wp\/v2\/pages\/8\/revisions"}],"predecessor-version":[{"id":15909,"href":"https:\/\/www.iblacom.dk\/index.php?rest_route=\/wp\/v2\/pages\/8\/revisions\/15909"}],"up":[{"embeddable":true,"href":"https:\/\/www.iblacom.dk\/index.php?rest_route=\/wp\/v2\/pages\/15512"}],"wp:attachment":[{"href":"https:\/\/www.iblacom.dk\/index.php?rest_route=%2Fwp%2Fv2%2Fmedia&parent=8"}],"curies":[{"name":"wp","href":"https:\/\/api.w.org\/{rel}","templated":true}]}}