{"id":40,"date":"2014-01-08T21:45:14","date_gmt":"2014-01-08T21:45:14","guid":{"rendered":"http:\/\/www.iblacom.dk\/?page_id=40"},"modified":"2025-08-13T20:24:25","modified_gmt":"2025-08-13T19:24:25","slug":"slaegtsforskning","status":"publish","type":"page","link":"https:\/\/www.iblacom.dk\/?page_id=40","title":{"rendered":"Familien Hvolbye"},"content":{"rendered":"<p><a href=\"http:\/\/www.iblacom.dk\/wp-content\/uploads\/2014\/02\/Kirkebog.jpg\"><img loading=\"lazy\" decoding=\"async\" class=\"alignright size-full wp-image-4922\" src=\"http:\/\/www.iblacom.dk\/wp-content\/uploads\/2014\/02\/Kirkebog.jpg\" alt=\"Kirkebog\" width=\"299\" height=\"168\" \/><\/a><\/p>\n<p><strong>Velkommen til hjemmesiden for Dorte Lilly Hvolbye <\/strong><strong>Ibsen &amp; J\u00f8rgen Hvolbye Lauritzen.<\/strong><\/p>\n<p>Dorte arbejder til daglig som soloselvst\u00e6ndig i IBLA Management pt som konsulent for <a href=\"https:\/\/hteforum.dk\/\">H\u00f8je-Taastrup Erhvervsforum<\/a>.<\/p>\n<p>J\u00f8rgen arbejder som konsulent i <a href=\"https:\/\/www.iblacom.dk\/?page_id=8\">IBLA Management<\/a>.\u00a0<\/p>\n<p>Derudover er Dorte ejer af <a href=\"https:\/\/www.dacapo.website\">Da Capo Yoga<\/a><\/p>\n<p>Du kan l\u00e6se om begge aktiviteter p\u00e5 denne hjemmeside.<\/p>\n<p>I vores fritid arbejder vi meget aktivt med bl.a. sl\u00e6gtsforskning.<\/p>\n<p>P\u00e5 nuv\u00e6rende tidspunkt har vi samlet information om ca. 3.100 nuv\u00e6rende og tidligere familiemedlemmer.<\/p>\n<p>Vi anvender programmet Legacy, men til pr\u00e6sentation af vores resultater her p\u00e5 hjemmesiden anvender\u00a0vi programmet TNG.<\/p>\n<p>Vores data stammer dels fra vores egen forskning og dels fra data, vi har f\u00e5et via andre sl\u00e6gtsforskere, men vi har i alle tilf\u00e6lde i vores kildehenvisninger fors\u00f8gt at oplyse detaljeret hvorfra informationerne kommer.<\/p>\n<p>Klik p\u00e5 dette link for at se vores stamtr\u00e6:\u00a0<a href=\"http:\/\/iblacom.dk\/tng\" target=\"_blank\" rel=\"noopener noreferrer\">TNG<\/a><\/p>\n<p>Data er sidst opdateret den 12. november 2024.<\/p>\n<p>Har du\u00a0kommentarer til det nuv\u00e6rende arbejde h\u00f8rer vi gerne fra dig.<\/p>\n\n","protected":false},"excerpt":{"rendered":"<p>Velkommen til hjemmesiden for Dorte Lilly Hvolbye Ibsen &amp; J\u00f8rgen Hvolbye Lauritzen. Dorte arbejder til daglig som soloselvst\u00e6ndig i IBLA Management pt som konsulent for H\u00f8je-Taastrup Erhvervsforum. J\u00f8rgen arbejder som konsulent i IBLA Management.\u00a0 Derudover er Dorte ejer af Da Capo Yoga Du kan l\u00e6se om begge aktiviteter p\u00e5 denne hjemmeside. I vores fritid arbejder [&hellip;]<\/p>\n","protected":false},"author":1,"featured_media":0,"parent":15512,"menu_order":0,"comment_status":"closed","ping_status":"closed","template":"page-templates\/full-width.php","meta":{"footnotes":""},"class_list":["post-40","page","type-page","status-publish","hentry"],"_links":{"self":[{"href":"https:\/\/www.iblacom.dk\/index.php?rest_route=\/wp\/v2\/pages\/40","targetHints":{"allow":["GET"]}}],"collection":[{"href":"https:\/\/www.iblacom.dk\/index.php?rest_route=\/wp\/v2\/pages"}],"about":[{"href":"https:\/\/www.iblacom.dk\/index.php?rest_route=\/wp\/v2\/types\/page"}],"author":[{"embeddable":true,"href":"https:\/\/www.iblacom.dk\/index.php?rest_route=\/wp\/v2\/users\/1"}],"replies":[{"embeddable":true,"href":"https:\/\/www.iblacom.dk\/index.php?rest_route=%2Fwp%2Fv2%2Fcomments&post=40"}],"version-history":[{"count":53,"href":"https:\/\/www.iblacom.dk\/index.php?rest_route=\/wp\/v2\/pages\/40\/revisions"}],"predecessor-version":[{"id":15941,"href":"https:\/\/www.iblacom.dk\/index.php?rest_route=\/wp\/v2\/pages\/40\/revisions\/15941"}],"up":[{"embeddable":true,"href":"https:\/\/www.iblacom.dk\/index.php?rest_route=\/wp\/v2\/pages\/15512"}],"wp:attachment":[{"href":"https:\/\/www.iblacom.dk\/index.php?rest_route=%2Fwp%2Fv2%2Fmedia&parent=40"}],"curies":[{"name":"wp","href":"https:\/\/api.w.org\/{rel}","templated":true}]}}